{"id":1788,"date":"2023-01-13T20:00:56","date_gmt":"2023-01-13T19:00:56","guid":{"rendered":"http:\/\/www.jakubiakszkola.pl\/?page_id=1788"},"modified":"2024-09-09T14:18:45","modified_gmt":"2024-09-09T12:18:45","slug":"dokumenty-szkolne","status":"publish","type":"page","link":"https:\/\/www.jakubiakszkola.pl\/index.php\/dokumenty-szkolne\/","title":{"rendered":"Dokumenty szkolne"},"content":{"rendered":"\n<p class=\"has-black-color has-text-color has-medium-font-size\"><\/p>\n\n\n\n<p><a href=\"http:\/\/www.jakubiakszkola.pl\/wp-content\/uploads\/2024\/09\/statut_2024.pdf\" data-type=\"URL\" target=\"_blank\" rel=\"noreferrer noopener\">1. Statut Prywatnej Szko\u0142y Podstawowej<\/a><\/p>\n\n<!--\n\n<p><a href=\"http:\/\/www.jakubiakszkola.pl\/wp-content\/uploads\/2019\/08\/regulamin_samorzadu_uczniowskiego.pdf\">3. Regulamin Samorz\u0105du Uczniowskiego<\/a><\/p>\n\n\n\n<p><a href=\"http:\/\/www.jakubiakszkola.pl\/wp-content\/uploads\/2019\/08\/regulamin_biblioteki_szkolnej.pdf\">4. Regulamin Biblioteki szkolnej<\/a><\/p>\n\n\n\n<p><a href=\"http:\/\/www.jakubiakszkola.pl\/wp-content\/uploads\/2019\/08\/program_wychowaw_profilakt.pdf\">5. Szkolny Program Wychowawczo-Profilaktyczny<\/a><\/p>\n\n\n\n<p><a href=\"http:\/\/www.jakubiakszkola.pl\/wp-content\/uploads\/2019\/08\/regulamin_punkty.pdf\">6. Regulamin zachowania uczni\u00f3w (przyznawania punkt\u00f3w)<\/a><\/p>\n\n\n\n<p><a href=\"http:\/\/www.jakubiakszkola.pl\/wp-content\/uploads\/2022\/08\/regulamin_swietlicy_szkolnej_2022.pdf\">7. Regulamin \u015awietlicy szkolnej<\/a><\/p>\n\n\n\n<p><a href=\"http:\/\/www.jakubiakszkola.pl\/wp-content\/uploads\/2019\/08\/stroj_ucznia_podstawowej.pdf\">8. Str\u00f3j ucznia Prywatnej Szko\u0142y Podstawowe<\/a><\/p>\n\n\n\n<p><a href=\"http:\/\/www.jakubiakszkola.pl\/wp-content\/uploads\/2020\/05\/procedury-wypo\u017cyczania-ksi\u0105\u017cek-biblioteka.pdf\">9. Procedura wypo\u017cyczania ksi\u0105\u017cek biblioteka<\/a><\/p>\n\n-->\n\n\n<p><\/p>\n\n\n\n<p><\/p>\n\n\n\n<p><\/p>\n","protected":false},"excerpt":{"rendered":"<p>1. Statut Prywatnej Szko\u0142y Podstawowej<\/p>\n","protected":false},"author":1,"featured_media":0,"parent":0,"menu_order":0,"comment_status":"closed","ping_status":"closed","template":"","meta":{"footnotes":""},"class_list":["post-1788","page","type-page","status-publish","hentry"],"_links":{"self":[{"href":"https:\/\/www.jakubiakszkola.pl\/index.php\/wp-json\/wp\/v2\/pages\/1788","targetHints":{"allow":["GET"]}}],"collection":[{"href":"https:\/\/www.jakubiakszkola.pl\/index.php\/wp-json\/wp\/v2\/pages"}],"about":[{"href":"https:\/\/www.jakubiakszkola.pl\/index.php\/wp-json\/wp\/v2\/types\/page"}],"author":[{"embeddable":true,"href":"https:\/\/www.jakubiakszkola.pl\/index.php\/wp-json\/wp\/v2\/users\/1"}],"replies":[{"embeddable":true,"href":"https:\/\/www.jakubiakszkola.pl\/index.php\/wp-json\/wp\/v2\/comments?post=1788"}],"version-history":[{"count":7,"href":"https:\/\/www.jakubiakszkola.pl\/index.php\/wp-json\/wp\/v2\/pages\/1788\/revisions"}],"predecessor-version":[{"id":2253,"href":"https:\/\/www.jakubiakszkola.pl\/index.php\/wp-json\/wp\/v2\/pages\/1788\/revisions\/2253"}],"wp:attachment":[{"href":"https:\/\/www.jakubiakszkola.pl\/index.php\/wp-json\/wp\/v2\/media?parent=1788"}],"curies":[{"name":"wp","href":"https:\/\/api.w.org\/{rel}","templated":true}]}}